{"id":115,"date":"2018-02-23T09:38:07","date_gmt":"2018-02-23T09:38:07","guid":{"rendered":"http:\/\/demo.exptheme.com\/picard\/?page_id=115"},"modified":"2023-07-28T14:27:35","modified_gmt":"2023-07-28T12:27:35","slug":"orange-wein","status":"publish","type":"page","link":"https:\/\/weingut-hochthurn.com\/online\/orange-wein\/","title":{"rendered":"Orange Wein"},"content":{"rendered":"<section class=\"wpb-content-wrapper\"><p>[vc_row css=&#8220;.vc_custom_1684842098821{padding-top: 30px !important;padding-right: 15px !important;padding-bottom: 45px !important;padding-left: 15px !important;background-image: url(https:\/\/weingut-hochthurn.com\/online\/wp-content\/uploads\/2023\/05\/orange_2.png?id=1568) !important;}&#8220;][vc_column][vc_custom_heading text=&#8220;Orange is the new wine!&#8220; font_container=&#8220;tag:h1|text_align:left|color:%23dd9933&#8243; google_fonts=&#8220;font_family:Fredericka%20the%20Great%3Aregular|font_style:400%20regular%3A400%3Anormal&#8220; css_animation=&#8220;none&#8220; css=&#8220;.vc_custom_1690547252132{margin-bottom: 20px !important;}&#8220;][vc_column_text css=&#8220;.vc_custom_1684843973538{margin-bottom: 24px !important;}&#8220;]Als Winzer bin ich stets auf der Suche nach neuen Wegen und alten Sch\u00e4tzen. Eine Entdeckung in der Fachpresse hat vor einigen Jahren mein Interesse geweckt und mich dazu inspiriert, meinen eigenen Orange Wein zu kreieren. Ich m\u00f6chte Ihnen von dieser faszinierenden Reise erz\u00e4hlen.<\/p>\n<p>Der orangefarbene Wein ist eine bemerkenswerte Kreation, bei der ich Wei\u00dfweintrauben mit der gleichen Hingabe wie bei der Verarbeitung von Rotwein behandele. Die Trauben werden auf der Maische vergoren, was ihnen mehr Tannine und Farbstoffe entlockt. Das Ergebnis ist ein Wein, der sich hervorragend als Begleiter zu herzhaften Speisen eignet. F\u00fcr meinen Orange Wein habe ich mich f\u00fcr Grauburgunder-Trauben entschieden. Die charakteristischen Aromen dieser Rebsorte treten dabei in den Hintergrund und machen Platz f\u00fcr w\u00fcrzige und kr\u00e4uterartige Noten. In der Farbe changiert der Wein zwischen einem tiefen Altgold und einem warmen Bernstein.<\/p>\n<p><img loading=\"lazy\" decoding=\"async\" class=\"alignnone wp-image-1572\" src=\"https:\/\/weingut-hochthurn.com\/online\/wp-content\/uploads\/2023\/05\/orangeflasche-1.png\" alt=\"\" width=\"629\" height=\"203\" srcset=\"https:\/\/weingut-hochthurn.com\/online\/wp-content\/uploads\/2023\/05\/orangeflasche-1.png 800w, https:\/\/weingut-hochthurn.com\/online\/wp-content\/uploads\/2023\/05\/orangeflasche-1-768x248.png 768w\" sizes=\"auto, (max-width: 629px) 100vw, 629px\" \/><br \/>\nIch m\u00f6chte betonen, dass mein Orange Wein nicht nur optisch beeindruckt, sondern auch in Sachen Geschmack und K\u00f6rperf\u00fclle keine Kompromisse eingeht. Die empfohlene Trinktemperatur liegt etwa bei 16\u00b0C, also zwischen Wei\u00df- und Rotwein. Um die volle Entfaltung seiner Aromen zu erm\u00f6glichen, empfehle ich, den Wein etwa eine halbe Stunde vor dem Genuss aus dem K\u00fchlschrank zu nehmen.<\/p>\n<p>Obwohl der Orange Wein f\u00fcr viele neu sein mag, ist seine Herstellung eine der \u00e4ltesten Methoden in der Weinwelt. Bereits vor 5.000 Jahren wurden in Georgien wei\u00dfe Trauben in Tongef\u00e4\u00dfen vergoren, die f\u00fcr eine gewisse Zeit in der Erde vergraben wurden. W\u00e4hrend ich leider nicht auf diese traditionelle Art der Weinproduktion zur\u00fcckgreifen konnte, habe ich dennoch mein Bestes gegeben, um meinem Orange Wein einen ganz eigenen Charakter und eine besondere Textur zu verleihen.<\/p>\n<p>Es ist meine Leidenschaft, Ihnen Weine anzubieten, die sowohl Tradition als auch Innovation verk\u00f6rpern. Mit meinem Orange Wein m\u00f6chte ich Ihnen ein au\u00dfergew\u00f6hnliches Weinerlebnis bieten, das die Grenzen des Gewohnten sprengt.<\/p>\n<p>Lassen Sie sich von seiner Einzigartigkeit begeistern. Prost!<br \/>\nStefan Hochthurn, Weingut Werner Hochthurn[\/vc_column_text][\/vc_column][\/vc_row]<\/p>\n<\/section>","protected":false},"excerpt":{"rendered":"<p>[vc_row css=&#8220;.vc_custom_1684842098821{padding-top: 30px !important;padding-right: 15px !important;padding-bottom: 45px !important;padding-left: 15px !important;background-image: url(https:\/\/weingut-hochthurn.com\/online\/wp-content\/uploads\/2023\/05\/orange_2.png?id=1568) !important;}&#8220;][vc_column][vc_custom_heading text=&#8220;Orange is the new wine!&#8220; font_container=&#8220;tag:h1|text_align:left|color:%23dd9933&#8243; google_fonts=&#8220;font_family:Fredericka%20the%20Great%3Aregular|font_style:400%20regular%3A400%3Anormal&#8220; css_animation=&#8220;none&#8220; css=&#8220;.vc_custom_1690547252132{margin-bottom: 20px !important;}&#8220;][vc_column_text css=&#8220;.vc_custom_1684843973538{margin-bottom: 24px !important;}&#8220;]Als Winzer bin ich stets auf der Suche nach neuen Wegen und alten Sch\u00e4tzen. Eine Entdeckung in der Fachpresse hat vor einigen Jahren mein Interesse<\/p>\n","protected":false},"author":1,"featured_media":0,"parent":0,"menu_order":0,"comment_status":"closed","ping_status":"closed","template":"","meta":{"footnotes":""},"class_list":["post-115","page","type-page","status-publish","hentry"],"_links":{"self":[{"href":"https:\/\/weingut-hochthurn.com\/online\/wp-json\/wp\/v2\/pages\/115","targetHints":{"allow":["GET"]}}],"collection":[{"href":"https:\/\/weingut-hochthurn.com\/online\/wp-json\/wp\/v2\/pages"}],"about":[{"href":"https:\/\/weingut-hochthurn.com\/online\/wp-json\/wp\/v2\/types\/page"}],"author":[{"embeddable":true,"href":"https:\/\/weingut-hochthurn.com\/online\/wp-json\/wp\/v2\/users\/1"}],"replies":[{"embeddable":true,"href":"https:\/\/weingut-hochthurn.com\/online\/wp-json\/wp\/v2\/comments?post=115"}],"version-history":[{"count":7,"href":"https:\/\/weingut-hochthurn.com\/online\/wp-json\/wp\/v2\/pages\/115\/revisions"}],"predecessor-version":[{"id":1821,"href":"https:\/\/weingut-hochthurn.com\/online\/wp-json\/wp\/v2\/pages\/115\/revisions\/1821"}],"wp:attachment":[{"href":"https:\/\/weingut-hochthurn.com\/online\/wp-json\/wp\/v2\/media?parent=115"}],"curies":[{"name":"wp","href":"https:\/\/api.w.org\/{rel}","templated":true}]}}