{"id":1378,"date":"2023-02-26T17:20:24","date_gmt":"2023-02-26T16:20:24","guid":{"rendered":"http:\/\/weingut-hochthurn.com\/online\/?page_id=1378"},"modified":"2023-07-24T12:44:33","modified_gmt":"2023-07-24T10:44:33","slug":"impressum","status":"publish","type":"page","link":"https:\/\/weingut-hochthurn.com\/online\/impressum\/","title":{"rendered":"Impressum"},"content":{"rendered":"<section class=\"wpb-content-wrapper\"><p>[vc_row][vc_column][vc_custom_heading text=&#8220;Rechtliches&#8220; font_container=&#8220;tag:h1|text_align:left|color:%23bbb219&#8243; use_theme_fonts=&#8220;yes&#8220; css_animation=&#8220;flipInX&#8220;][vc_single_image image=&#8220;1583&#8243; img_size=&#8220;full&#8220;][\/vc_column][\/vc_row][vc_row css=&#8220;.vc_custom_1688982188333{background-image: url(https:\/\/weingut-hochthurn.com\/online\/wp-content\/uploads\/2023\/05\/gruenlich.png?id=1564) !important;background-position: center !important;background-repeat: no-repeat !important;background-size: cover !important;}&#8220;][vc_column width=&#8220;1\/2&#8243;][vc_empty_space][vc_column_text]Betreiber der Seite:<br \/>\nWeingut Werner Hochthurn<br \/>\nInhaber: Stefan Hochthurn<br \/>\nRheinhessenstra\u00dfe 28<br \/>\n55411 Bingen am Rhein<\/p>\n<p>Telefon: +49 6725 3515<br \/>\nMail: weingut-hochthurn@t-online.de<br \/>\nwww.weingut-hochthurn.com<\/p>\n<p>Umsatzsteuer-Identifikationsnummer gem\u00e4\u00df \u00a7 27 a Umsatzsteuergesetz: DE 23 273 9170<\/p>\n<p>Inhaltlich Verantwortlicher gem\u00e4\u00df \u00a7 55 Abs. 2 RStV:<br \/>\nStefan Hochthurn<\/p>\n<p>Unsere Aufsichtsbeh\u00f6rde ist das Ministerium f\u00fcr Wirtschaft, Verkehr, Landwirtschaft und Weinbau<br \/>\nStiftsstr. 9 \u00b7 55116 Mainz<\/p>\n<p>Wir geh\u00f6ren der Landwirtschaftskammer Rheinland-Pfalz<br \/>\nBurgenlandstra\u00dfe 7 \u00b7 55543 Bad Kreuznach an.[\/vc_column_text][\/vc_column][vc_column width=&#8220;1\/2&#8243;][vc_empty_space][vc_column_text]Gesetzliche Grundlage unserer T\u00e4tigkeit ist das\u00a0Weingesetz (WeinG)<\/p>\n<p>Haftungshinweis: Trotz sorgf\u00e4ltiger inhaltlicher Kontrolle \u00fcbernehmen wir keine Haftung f\u00fcr die Inhalte externer Links. F\u00fcr den Inhalt der verlinkten Seiten sind ausschlie\u00dflich deren Betreiber verantwortlich.<\/p>\n<p>Made by:<br \/>\nKonzeption, Gestaltung &amp; Umsetzung: The Winzerraums<br \/>\nFotos made by: Erik dem Rhoihesseknipser<br \/>\nFoto Events: Fotolia (Fotolia_110084557_S)<\/p>\n<p>Hinweis OS-Plattform:<br \/>\nDie Europ\u00e4ische Kommission stellt eine Plattform zur Online-Streitbeilegung (OS) bereit, die Sie hier finden <a href=\"https:\/\/ec.europa.eu\/consumers\/odr\/main\/index.cfm?event=main.home2.show&amp;lng=DE\">http:\/\/ec.europa.eu\/consumers\/odr\/<\/a>.<\/p>\n<p>Zur Teilnahme an einem Streitbeilegungsverfahren vor einer Verbraucherschlichtungsstelle sind wir nicht verpflichtet und nicht bereit.[\/vc_column_text][vc_empty_space][\/vc_column][\/vc_row]<\/p>\n<\/section>","protected":false},"excerpt":{"rendered":"<p>[vc_row][vc_column][vc_custom_heading text=&#8220;Rechtliches&#8220; font_container=&#8220;tag:h1|text_align:left|color:%23bbb219&#8243; use_theme_fonts=&#8220;yes&#8220; css_animation=&#8220;flipInX&#8220;][vc_single_image image=&#8220;1583&#8243; img_size=&#8220;full&#8220;][\/vc_column][\/vc_row][vc_row css=&#8220;.vc_custom_1688982188333{background-image: url(https:\/\/weingut-hochthurn.com\/online\/wp-content\/uploads\/2023\/05\/gruenlich.png?id=1564) !important;background-position: center !important;background-repeat: no-repeat !important;background-size: cover !important;}&#8220;][vc_column width=&#8220;1\/2&#8243;][vc_empty_space][vc_column_text]Betreiber der Seite: Weingut Werner Hochthurn Inhaber: Stefan Hochthurn Rheinhessenstra\u00dfe 28 55411 Bingen am Rhein Telefon: +49 6725 3515 Mail: weingut-hochthurn@t-online.de www.weingut-hochthurn.com Umsatzsteuer-Identifikationsnummer gem\u00e4\u00df \u00a7 27 a Umsatzsteuergesetz: DE 23 273 9170 Inhaltlich Verantwortlicher<\/p>\n","protected":false},"author":1,"featured_media":0,"parent":0,"menu_order":0,"comment_status":"closed","ping_status":"closed","template":"","meta":{"footnotes":""},"class_list":["post-1378","page","type-page","status-publish","hentry"],"_links":{"self":[{"href":"https:\/\/weingut-hochthurn.com\/online\/wp-json\/wp\/v2\/pages\/1378","targetHints":{"allow":["GET"]}}],"collection":[{"href":"https:\/\/weingut-hochthurn.com\/online\/wp-json\/wp\/v2\/pages"}],"about":[{"href":"https:\/\/weingut-hochthurn.com\/online\/wp-json\/wp\/v2\/types\/page"}],"author":[{"embeddable":true,"href":"https:\/\/weingut-hochthurn.com\/online\/wp-json\/wp\/v2\/users\/1"}],"replies":[{"embeddable":true,"href":"https:\/\/weingut-hochthurn.com\/online\/wp-json\/wp\/v2\/comments?post=1378"}],"version-history":[{"count":14,"href":"https:\/\/weingut-hochthurn.com\/online\/wp-json\/wp\/v2\/pages\/1378\/revisions"}],"predecessor-version":[{"id":1713,"href":"https:\/\/weingut-hochthurn.com\/online\/wp-json\/wp\/v2\/pages\/1378\/revisions\/1713"}],"wp:attachment":[{"href":"https:\/\/weingut-hochthurn.com\/online\/wp-json\/wp\/v2\/media?parent=1378"}],"curies":[{"name":"wp","href":"https:\/\/api.w.org\/{rel}","templated":true}]}}