{"id":1380,"date":"2023-02-26T17:20:53","date_gmt":"2023-02-26T16:20:53","guid":{"rendered":"http:\/\/weingut-hochthurn.com\/online\/?page_id=1380"},"modified":"2025-12-27T11:17:33","modified_gmt":"2025-12-27T10:17:33","slug":"events","status":"publish","type":"page","link":"https:\/\/weingut-hochthurn.com\/online\/events\/","title":{"rendered":"Events"},"content":{"rendered":"<section class=\"wpb-content-wrapper\"><p>[vc_row css=&#8220;.vc_custom_1689058301506{padding-top: 30px !important;padding-right: 15px !important;padding-bottom: 45px !important;padding-left: 15px !important;background-image: url(https:\/\/weingut-hochthurn.com\/online\/wp-content\/uploads\/2023\/05\/gruenlich.png?id=1564) !important;background-position: center !important;background-repeat: no-repeat !important;background-size: contain !important;}&#8220;][vc_column][vc_custom_heading text=&#8220;On Tour, Messen &amp; Feste&#8220; font_container=&#8220;tag:h1|text_align:left|color:%23bbb219&#8243; google_fonts=&#8220;font_family:Fredericka%20the%20Great%3Aregular|font_style:400%20regular%3A400%3Anormal&#8220; css_animation=&#8220;none&#8220; css=&#8220;.vc_custom_1690546902328{margin-bottom: 20px !important;}&#8220;][vc_single_image image=&#8220;1711&#8243; img_size=&#8220;full&#8220;][vc_empty_space][vc_row_inner][vc_column_inner width=&#8220;1\/2&#8243;][vc_column_text]<strong>WeinFr\u00fchling Hamburg<br \/>\n<\/strong>Messehalle B1<strong><br \/>\n<\/strong>Samstag, 14. Februar 2026, 12:00 bis 19:00 Uhr<br \/>\nSonntag, 15. Februar 2026, 12:00 bis 18:00 Uhr<\/p>\n<p><strong>WeinFr\u00fchling D\u00fcsseldorf<br \/>\n<\/strong>Rheinterrasse, Joseph-Beuys-Ufer 33, 40479 D\u00fcsseldorf<br \/>\nSamstag, 7. M\u00e4rz 2026, 12:00 bis 19:00 Uhr<br \/>\nSonntag, 8. M\u00e4rz 2026, 12:00 bis 18:00 Uhr<\/p>\n<p><strong>WeinFr\u00fchling M\u00fcnchen<br \/>\n<\/strong>Praterinsel 3-4, 80538 M\u00fcnchen<br \/>\nFreitag, 20. M\u00e4rz 2026, 13:00 bis 19:00 Uhr<br \/>\nSamstag, 21. M\u00e4rz 2026, 12:00 bis 19:00 Uhr<br \/>\nSonntag, 22. M\u00e4rz 2026, 12:00 bis 18:00 Uhr<\/p>\n<p><strong>Wein- und Musikfest Xanten<br \/>\n<\/strong>Marktplatz, 46509 Xanten<br \/>\n8.5.2026 &#8211; 10.5.2026<\/p>\n<p><strong>Weinfest Wedel<br \/>\n<\/strong>Rathausplatz, 22880 Wedel<br \/>\n14.5.2026 &#8211; 16.5.2026<\/p>\n<p><strong>Weinfest Beckum<br \/>\n<\/strong>H\u00fchlstra\u00dfe, 59269 Beckum<br \/>\n12.6.2026 &#8211; 14.6.2026<\/p>\n<p><strong>Weinfest Schmidt<br \/>\n<\/strong>52385 Schmidt<br \/>\n20.6.2026 &#8211; 21.6.2026<\/p>\n<p><strong>Herforder Hoekerfest<br \/>\n<\/strong>G\u00e4nsemarkt, 32052 Herford<br \/>\n15.7.2026 &#8211; 19.7.2026[\/vc_column_text][\/vc_column_inner][vc_column_inner width=&#8220;1\/2&#8243;][vc_column_text]<strong>Baccumer Kirmes<br \/>\n<\/strong>49881 Lingen-Baccum<br \/>\n9.8.2026- 11.08.2026<\/p>\n<p><strong>Binger Winzerfest<br \/>\n<\/strong>Innenstadt, 55411 Bingen am Rhein<br \/>\n28.8.2026 &#8211; 7.9.2026<\/p>\n<p><strong>Bauernmarkt B\u00fcnde<br \/>\n<\/strong>Garten der Museumsinsel<br \/>\nF\u00fcnfhausenstr. 12, 32257 B\u00fcnde<br \/>\n4.10.2026<\/p>\n<p><strong>Wein M\u00fcnchen<br \/>\n<\/strong>Praterinsel 3-4, 80538 M\u00fcnchen<br \/>\nFreitag, 17. Oktober 2025, 13:00 bis 19:00 Uhr<br \/>\nSamstag, 18. Oktober 2025, 12:00 bis 19:00 Uhr<br \/>\nSonntag, 19. Oktober 2025, 12:00 bis 18:00 Uhr<\/p>\n<p><strong>Wein Hamburg<br \/>\n<\/strong>Messehalle B1, Karolinenstr. 45, 20357 Hamburg<br \/>\nSamstag, 1. November 2025, 12:00 bis 19:00 Uhr<br \/>\nSonntag, 2. November 2025, 12:00 bis 18:00 Uhr<\/p>\n<p><strong>Wein D\u00fcsseldorf<br \/>\n<\/strong>Hotel K\u00f659, K\u00f6nigsallee 59, 40215 D\u00fcsseldorf<br \/>\nSamstag, 8. November 2025, 12:00 bis 19:00 Uhr<br \/>\nSonntag, 9. November 2025, 12:00 bis 18:00 Uhr<\/p>\n<p><strong>Weinproben vor Ort im Weingut<br \/>\n<\/strong>Gerne nach vorheriger Absprache[\/vc_column_text][\/vc_column_inner][\/vc_row_inner][\/vc_column][\/vc_row]<\/p>\n<\/section>","protected":false},"excerpt":{"rendered":"<p>[vc_row css=&#8220;.vc_custom_1689058301506{padding-top: 30px !important;padding-right: 15px !important;padding-bottom: 45px !important;padding-left: 15px !important;background-image: url(https:\/\/weingut-hochthurn.com\/online\/wp-content\/uploads\/2023\/05\/gruenlich.png?id=1564) !important;background-position: center !important;background-repeat: no-repeat !important;background-size: contain !important;}&#8220;][vc_column][vc_custom_heading text=&#8220;On Tour, Messen &amp; Feste&#8220; font_container=&#8220;tag:h1|text_align:left|color:%23bbb219&#8243; google_fonts=&#8220;font_family:Fredericka%20the%20Great%3Aregular|font_style:400%20regular%3A400%3Anormal&#8220; css_animation=&#8220;none&#8220; css=&#8220;.vc_custom_1690546902328{margin-bottom: 20px !important;}&#8220;][vc_single_image image=&#8220;1711&#8243; img_size=&#8220;full&#8220;][vc_empty_space][vc_row_inner][vc_column_inner width=&#8220;1\/2&#8243;][vc_column_text]WeinFr\u00fchling Hamburg Messehalle B1 Samstag, 14. Februar 2026, 12:00 bis 19:00 Uhr Sonntag, 15. Februar 2026, 12:00 bis 18:00<\/p>\n","protected":false},"author":1,"featured_media":0,"parent":0,"menu_order":0,"comment_status":"closed","ping_status":"closed","template":"","meta":{"footnotes":""},"class_list":["post-1380","page","type-page","status-publish","hentry"],"_links":{"self":[{"href":"https:\/\/weingut-hochthurn.com\/online\/wp-json\/wp\/v2\/pages\/1380","targetHints":{"allow":["GET"]}}],"collection":[{"href":"https:\/\/weingut-hochthurn.com\/online\/wp-json\/wp\/v2\/pages"}],"about":[{"href":"https:\/\/weingut-hochthurn.com\/online\/wp-json\/wp\/v2\/types\/page"}],"author":[{"embeddable":true,"href":"https:\/\/weingut-hochthurn.com\/online\/wp-json\/wp\/v2\/users\/1"}],"replies":[{"embeddable":true,"href":"https:\/\/weingut-hochthurn.com\/online\/wp-json\/wp\/v2\/comments?post=1380"}],"version-history":[{"count":19,"href":"https:\/\/weingut-hochthurn.com\/online\/wp-json\/wp\/v2\/pages\/1380\/revisions"}],"predecessor-version":[{"id":2825,"href":"https:\/\/weingut-hochthurn.com\/online\/wp-json\/wp\/v2\/pages\/1380\/revisions\/2825"}],"wp:attachment":[{"href":"https:\/\/weingut-hochthurn.com\/online\/wp-json\/wp\/v2\/media?parent=1380"}],"curies":[{"name":"wp","href":"https:\/\/api.w.org\/{rel}","templated":true}]}}