{"id":1727,"date":"2023-07-26T15:44:06","date_gmt":"2023-07-26T13:44:06","guid":{"rendered":"https:\/\/weingut-hochthurn.com\/online\/?page_id=1727"},"modified":"2023-07-28T14:19:22","modified_gmt":"2023-07-28T12:19:22","slug":"rot-rose-weiss","status":"publish","type":"page","link":"https:\/\/weingut-hochthurn.com\/online\/rot-rose-weiss\/","title":{"rendered":"Rot, Ros\u00e9 &#038; Wei\u00df"},"content":{"rendered":"<section class=\"wpb-content-wrapper\"><p>[vc_row css=&#8220;.vc_custom_1684912640289{padding-top: 30px !important;padding-right: 15px !important;padding-bottom: 45px !important;padding-left: 15px !important;background-image: url(https:\/\/weingut-hochthurn.com\/online\/wp-content\/uploads\/2023\/05\/gruenlich_2.png?id=1565) !important;}&#8220;][vc_column][vc_custom_heading text=&#8220;Einzigartige Weine: Naturverbundene Philosophie mit Familientradition&#8220; font_container=&#8220;tag:h1|text_align:left|color:%23bbb219&#8243; google_fonts=&#8220;font_family:Fredericka%20the%20Great%3Aregular|font_style:400%20regular%3A400%3Anormal&#8220; css_animation=&#8220;none&#8220; css=&#8220;.vc_custom_1690546520291{margin-bottom: 20px !important;}&#8220;][vc_column_text css=&#8220;.vc_custom_1690374456750{margin-bottom: 24px !important;}&#8220;]&#8220;Ich sch\u00e4tze die Unterschiede der Jahrg\u00e4nge und lasse Weine im Weinberg wachsen, nicht im Keller. Als Inhaber unseres Familienbetriebs freue ich mich, Ihnen ausgew\u00e4hlte Weine anzubieten, die ihren eigenen Charme haben.&#8220;[\/vc_column_text][vc_empty_space][vc_separator color=&#8220;custom&#8220; style=&#8220;dotted&#8220; border_width=&#8220;2&#8243; accent_color=&#8220;#938a1b&#8220;][vc_row_inner css=&#8220;.vc_custom_1684858040506{background-position: center !important;background-repeat: no-repeat !important;background-size: cover !important;}&#8220;][vc_column_inner][vc_single_image image=&#8220;1719&#8243; img_size=&#8220;full&#8220;][\/vc_column_inner][\/vc_row_inner][\/vc_column][\/vc_row][vc_row css=&#8220;.vc_custom_1684912777569{padding-top: 30px !important;padding-right: 15px !important;padding-bottom: 45px !important;padding-left: 15px !important;background-image: url(https:\/\/weingut-hochthurn.com\/online\/wp-content\/uploads\/2023\/05\/gruenlich_2.png?id=1565) !important;background-position: center !important;background-repeat: no-repeat !important;background-size: cover !important;}&#8220;][vc_column width=&#8220;1\/2&#8243;][vc_empty_space height=&#8220;15px&#8220;][vc_custom_heading text=&#8220;Rot-und Ros\u00e9weine&#8220; font_container=&#8220;tag:h1|text_align:left|color:%23bbb219&#8243; google_fonts=&#8220;font_family:Fredericka%20the%20Great%3Aregular|font_style:400%20regular%3A400%3Anormal&#8220; css_animation=&#8220;none&#8220; css=&#8220;.vc_custom_1690546677112{margin-bottom: 20px !important;}&#8220;][vc_column_text css=&#8220;.vc_custom_1690456383562{margin-bottom: 24px !important;}&#8220;]Entdecken Sie einzigartige Rot- und Ros\u00e9weine, die durch eine traditionelle Maischeverg\u00e4rung ihre besondere Charakteristik erhalten. W\u00e4hrend der G\u00e4rung verbleiben die Traubenschalen l\u00e4nger im Most, wodurch die Weine ihre sch\u00f6ne Farbe, intensiven Geschmack und samtige Textur entwickeln.<\/p>\n<p>Jeder Jahrgang ist eine aufregende Herausforderung, da ich darauf achte, dass die Weine das Terroir und die Charakteristiken des jeweiligen Jahres widerspiegeln. Qualit\u00e4t beginnt im Weinberg, daher lasse ich den Wein behutsam im Holzfass reifen, um seinen eigenen Charme zu entfalten.[\/vc_column_text][\/vc_column][vc_column width=&#8220;1\/2&#8243;][vc_single_image image=&#8220;1760&#8243; img_size=&#8220;full&#8220; alignment=&#8220;center&#8220; onclick=&#8220;custom_link&#8220; link=&#8220;https:\/\/weingut-hochthurn.com\/online\/produkt-kategorie\/rot-rose\/&#8220;][vc_empty_space height=&#8220;15px&#8220;][\/vc_column][\/vc_row][vc_row css=&#8220;.vc_custom_1690378220133{padding-top: 30px !important;padding-right: 15px !important;padding-bottom: 45px !important;padding-left: 15px !important;background-position: center !important;background-repeat: no-repeat !important;background-size: cover !important;}&#8220;][vc_column width=&#8220;1\/2&#8243; css=&#8220;.vc_custom_1690378553927{border-top-width: -30px !important;}&#8220;][vc_single_image image=&#8220;1744&#8243; img_size=&#8220;full&#8220; alignment=&#8220;center&#8220; onclick=&#8220;custom_link&#8220; link=&#8220;https:\/\/weingut-hochthurn.com\/online\/produkt-kategorie\/weissweine\/&#8220;][\/vc_column][vc_column width=&#8220;1\/2&#8243;][vc_empty_space height=&#8220;60px&#8220;][vc_custom_heading text=&#8220;Wei\u00dfweine&#8220; font_container=&#8220;tag:h1|text_align:left|color:%23bbb219&#8243; google_fonts=&#8220;font_family:Fredericka%20the%20Great%3Aregular|font_style:400%20regular%3A400%3Anormal&#8220; css_animation=&#8220;none&#8220; css=&#8220;.vc_custom_1690546697343{margin-bottom: 20px !important;}&#8220;][vc_column_text css=&#8220;.vc_custom_1690456372046{margin-bottom: 24px !important;}&#8220;]Ich bin fasziniert von trockenen Wei\u00dfweinen &#8211; jeder von ihnen ist sortenrein und bietet ein einzigartiges Geschmackserlebnis. Von spritzig-leicht bis gehaltvoll, meine Auswahl deckt ein breites Spektrum ab, um jeden Weinliebhaber zu begeistern.<\/p>\n<p>Auch Halbtrockene Wei\u00dfweine haben ihren besonderen Reiz &#8211; weder zu trocken noch zu s\u00fc\u00df. Sie eignen sich perfekt f\u00fcr verschiedenste Anl\u00e4sse und bringen eine angenehme Balance mit.<\/p>\n<p>Und nat\u00fcrlich d\u00fcrfen auch liebliche und s\u00fc\u00dfe Wei\u00dfweine nicht fehlen. Ihre fruchtigen Aromen harmonieren perfekt mit ihrer moderaten Rests\u00fc\u00dfe, was sie zu einem wahren Genuss macht. Entdecken Sie die Vielfalt und die zauberhaften Geschmackswelten meiner Wei\u00dfweinkollektion.[\/vc_column_text][\/vc_column][\/vc_row]<\/p>\n<\/section>","protected":false},"excerpt":{"rendered":"<p>[vc_row css=&#8220;.vc_custom_1684912640289{padding-top: 30px !important;padding-right: 15px !important;padding-bottom: 45px !important;padding-left: 15px !important;background-image: url(https:\/\/weingut-hochthurn.com\/online\/wp-content\/uploads\/2023\/05\/gruenlich_2.png?id=1565) !important;}&#8220;][vc_column][vc_custom_heading text=&#8220;Einzigartige Weine: Naturverbundene Philosophie mit Familientradition&#8220; font_container=&#8220;tag:h1|text_align:left|color:%23bbb219&#8243; google_fonts=&#8220;font_family:Fredericka%20the%20Great%3Aregular|font_style:400%20regular%3A400%3Anormal&#8220; css_animation=&#8220;none&#8220; css=&#8220;.vc_custom_1690546520291{margin-bottom: 20px !important;}&#8220;][vc_column_text css=&#8220;.vc_custom_1690374456750{margin-bottom: 24px !important;}&#8220;]&#8220;Ich sch\u00e4tze die Unterschiede der Jahrg\u00e4nge und lasse Weine im Weinberg wachsen, nicht im Keller. Als Inhaber unseres Familienbetriebs freue ich mich, Ihnen ausgew\u00e4hlte<\/p>\n","protected":false},"author":1,"featured_media":0,"parent":0,"menu_order":0,"comment_status":"closed","ping_status":"closed","template":"","meta":{"footnotes":""},"class_list":["post-1727","page","type-page","status-publish","hentry"],"_links":{"self":[{"href":"https:\/\/weingut-hochthurn.com\/online\/wp-json\/wp\/v2\/pages\/1727","targetHints":{"allow":["GET"]}}],"collection":[{"href":"https:\/\/weingut-hochthurn.com\/online\/wp-json\/wp\/v2\/pages"}],"about":[{"href":"https:\/\/weingut-hochthurn.com\/online\/wp-json\/wp\/v2\/types\/page"}],"author":[{"embeddable":true,"href":"https:\/\/weingut-hochthurn.com\/online\/wp-json\/wp\/v2\/users\/1"}],"replies":[{"embeddable":true,"href":"https:\/\/weingut-hochthurn.com\/online\/wp-json\/wp\/v2\/comments?post=1727"}],"version-history":[{"count":28,"href":"https:\/\/weingut-hochthurn.com\/online\/wp-json\/wp\/v2\/pages\/1727\/revisions"}],"predecessor-version":[{"id":1813,"href":"https:\/\/weingut-hochthurn.com\/online\/wp-json\/wp\/v2\/pages\/1727\/revisions\/1813"}],"wp:attachment":[{"href":"https:\/\/weingut-hochthurn.com\/online\/wp-json\/wp\/v2\/media?parent=1727"}],"curies":[{"name":"wp","href":"https:\/\/api.w.org\/{rel}","templated":true}]}}