{"id":1762,"date":"2023-07-28T14:03:44","date_gmt":"2023-07-28T12:03:44","guid":{"rendered":"https:\/\/weingut-hochthurn.com\/online\/?page_id=1762"},"modified":"2023-07-28T14:22:51","modified_gmt":"2023-07-28T12:22:51","slug":"lieblingsstuecke","status":"publish","type":"page","link":"https:\/\/weingut-hochthurn.com\/online\/lieblingsstuecke\/","title":{"rendered":"Lieblingsst\u00fccke"},"content":{"rendered":"<section class=\"wpb-content-wrapper\"><p>[vc_row css=&#8220;.vc_custom_1684912640289{padding-top: 30px !important;padding-right: 15px !important;padding-bottom: 45px !important;padding-left: 15px !important;background-image: url(https:\/\/weingut-hochthurn.com\/online\/wp-content\/uploads\/2023\/05\/gruenlich_2.png?id=1565) !important;}&#8220;][vc_column][vc_custom_heading text=&#8220;Vinophile Meisterwerke: Liebevoll handgefertigte Weine mit besonderem Charme&#8220; font_container=&#8220;tag:h1|text_align:left|color:%23bbb219&#8243; google_fonts=&#8220;font_family:Fredericka%20the%20Great%3Aregular|font_style:400%20regular%3A400%3Anormal&#8220; css_animation=&#8220;none&#8220; css=&#8220;.vc_custom_1690546948079{margin-bottom: 20px !important;}&#8220;][vc_column_text css=&#8220;.vc_custom_1690456856676{margin-bottom: 24px !important;}&#8220;]Willkommen in meiner Weinwelt der Lieblingsst\u00fccke! Hier dreht sich alles um Weine mit viel Liebe zum Detail und einem Hauch von Einzigartigkeit. Als leidenschaftlicher Winzer ist es meine Mission, Weine zu kreieren, die sich von der Masse abheben. Jeder dieser Weine ist wie ein Lieblingsst\u00fcck, sorgf\u00e4ltig ausgew\u00e4hlt und mit Hingabe vinifiziert. Von der Auswahl der Rebsorten bis hin zur schonenden Verarbeitung im Keller, stecke ich mein ganzes Herzblut in jeden Schritt des Herstellungsprozesses.<\/p>\n<p>Was meine Weine so besonders macht, ist ihre Individualit\u00e4t und Einzigartigkeit. Ich gehe gerne einen Tick anders vor, probiere neue Ans\u00e4tze aus und lasse meiner Kreativit\u00e4t freien Lauf, um immer wieder au\u00dfergew\u00f6hnliche Geschmackserlebnisse zu schaffen. Tauchen Sie ein in die faszinierende Welt meiner Lieblingsst\u00fccke, die alle eines gemeinsam haben &#8211; sie sind das Ergebnis meiner Leidenschaft f\u00fcr Wein und meiner Liebe zum Detail. Lassen Sie sich von der Vielfalt und dem Charme meiner Weine verzaubern und genie\u00dfen Sie einen ganz besonderen Geschmack, der Sie immer wieder aufs Neue begeistern wird.[\/vc_column_text][vc_empty_space][vc_separator color=&#8220;custom&#8220; style=&#8220;dotted&#8220; border_width=&#8220;2&#8243; accent_color=&#8220;#938a1b&#8220;][vc_row_inner css=&#8220;.vc_custom_1684858040506{background-position: center !important;background-repeat: no-repeat !important;background-size: cover !important;}&#8220;][vc_column_inner][vc_single_image image=&#8220;1766&#8243; img_size=&#8220;full&#8220;][\/vc_column_inner][\/vc_row_inner][\/vc_column][\/vc_row][vc_row][vc_column width=&#8220;1\/2&#8243;][vc_hoverbox image=&#8220;1795&#8243; primary_title=&#8220;&#8220; hover_title=&#8220;Alte Reben&#8220; hover_title_font_container=&#8220;color:%238aa031&#8243; shape=&#8220;square&#8220; use_custom_fonts_hover_title=&#8220;true&#8220; reverse=&#8220;true&#8220;]Mit Freude pr\u00e4sentiere ich Ihnen meinen Wein &#8222;Mons Melis&#8220; &#8211; ein mineralischer Riesling, trocken und von \u00fcber 50 Jahre alten Reben. Dieser einzigartige Tropfen hat bei der AWC in Wien die Silbermedaille gewonnen. Tauchen Sie ein in die faszinierende Welt des Mons Melis und erleben Sie einen herausragenden Genussmoment.[\/vc_hoverbox][vc_empty_space][\/vc_column][vc_column width=&#8220;1\/2&#8243;][vc_hoverbox image=&#8220;1801&#8243; primary_title=&#8220;&#8220; hover_title=&#8220;Muskelkater&#8220; hover_title_font_container=&#8220;color:%238aa031&#8243; shape=&#8220;square&#8220; use_custom_fonts_hover_title=&#8220;true&#8220; reverse=&#8220;true&#8220;]Mein stolzer &#8222;Muskelkater&#8220; Wei\u00dfwein \u2013 ein Pr\u00e4dikatswein Kabinett, halbtrocken und von reiner Muskelkraft gekeltert. Die Kelter, eine liebevoll restaurierte, alte Holzpresse, verleiht ihm zus\u00e4tzlich eine einzigartige Note und einen Hauch von Nostalgie. Harmonisch und mineralisch bet\u00f6rt er Ihre Sinne, ein wahrer Genussmoment f\u00fcr Genie\u00dfer.[\/vc_hoverbox][vc_empty_space][\/vc_column][\/vc_row][vc_row][vc_column width=&#8220;1\/2&#8243;][vc_empty_space][vc_hoverbox image=&#8220;1806&#8243; primary_title=&#8220;&#8220; hover_title=&#8220;Fu\u00dfwerk&#8220; hover_title_font_container=&#8220;color:%238aa031&#8243; shape=&#8220;square&#8220; use_custom_fonts_hover_title=&#8220;true&#8220; reverse=&#8220;true&#8220;]Auf die alte Weise von der ehemaligen Eisweink\u00f6nigin gekeltert, pr\u00e4sentiere ich stolz meinen &#8222;Fu\u00dfwerk&#8220; Merlot Wei\u00dfherbst. Ein halbtrockener Pr\u00e4dikatswein Sp\u00e4tlese, der mit raffinierten Aromen besticht. Entdecken Sie die Handwerkskunst und genie\u00dfen Sie diesen einzigartigen Tropfen. Prost auf au\u00dfergew\u00f6hnlichen Geschmack![\/vc_hoverbox][\/vc_column][vc_column width=&#8220;1\/2&#8243;][vc_empty_space][vc_hoverbox image=&#8220;1809&#8243; primary_title=&#8220;&#8220; hover_title=&#8220;Zappenduster&#8220; hover_title_font_container=&#8220;color:%238aa031&#8243; shape=&#8220;square&#8220; use_custom_fonts_hover_title=&#8220;true&#8220; reverse=&#8220;true&#8220;]Entdecken Sie meinen einzigartigen &#8222;Zappenduster&#8220; Wein, ausgezeichnet mit Silber bei der AWC in Wien. Ein Pr\u00e4dikatswein Sp\u00e4tlese, der im Barrique gereift ist und eine trockene Note aufweist. Genie\u00dfen Sie die tiefen Aromen und die meisterhafte Reifung dieses besonderen Tropfens. Prost auf au\u00dfergew\u00f6hnlichen Geschmack und unvergessliche Genussmomente![\/vc_hoverbox][\/vc_column][\/vc_row]<\/p>\n<\/section>","protected":false},"excerpt":{"rendered":"<p>[vc_row css=&#8220;.vc_custom_1684912640289{padding-top: 30px !important;padding-right: 15px !important;padding-bottom: 45px !important;padding-left: 15px !important;background-image: url(https:\/\/weingut-hochthurn.com\/online\/wp-content\/uploads\/2023\/05\/gruenlich_2.png?id=1565) !important;}&#8220;][vc_column][vc_custom_heading text=&#8220;Vinophile Meisterwerke: Liebevoll handgefertigte Weine mit besonderem Charme&#8220; font_container=&#8220;tag:h1|text_align:left|color:%23bbb219&#8243; google_fonts=&#8220;font_family:Fredericka%20the%20Great%3Aregular|font_style:400%20regular%3A400%3Anormal&#8220; css_animation=&#8220;none&#8220; css=&#8220;.vc_custom_1690546948079{margin-bottom: 20px !important;}&#8220;][vc_column_text css=&#8220;.vc_custom_1690456856676{margin-bottom: 24px !important;}&#8220;]Willkommen in meiner Weinwelt der Lieblingsst\u00fccke! Hier dreht sich alles um Weine mit viel Liebe zum Detail und einem Hauch von Einzigartigkeit.<\/p>\n","protected":false},"author":1,"featured_media":0,"parent":0,"menu_order":0,"comment_status":"closed","ping_status":"closed","template":"","meta":{"footnotes":""},"class_list":["post-1762","page","type-page","status-publish","hentry"],"_links":{"self":[{"href":"https:\/\/weingut-hochthurn.com\/online\/wp-json\/wp\/v2\/pages\/1762","targetHints":{"allow":["GET"]}}],"collection":[{"href":"https:\/\/weingut-hochthurn.com\/online\/wp-json\/wp\/v2\/pages"}],"about":[{"href":"https:\/\/weingut-hochthurn.com\/online\/wp-json\/wp\/v2\/types\/page"}],"author":[{"embeddable":true,"href":"https:\/\/weingut-hochthurn.com\/online\/wp-json\/wp\/v2\/users\/1"}],"replies":[{"embeddable":true,"href":"https:\/\/weingut-hochthurn.com\/online\/wp-json\/wp\/v2\/comments?post=1762"}],"version-history":[{"count":35,"href":"https:\/\/weingut-hochthurn.com\/online\/wp-json\/wp\/v2\/pages\/1762\/revisions"}],"predecessor-version":[{"id":1817,"href":"https:\/\/weingut-hochthurn.com\/online\/wp-json\/wp\/v2\/pages\/1762\/revisions\/1817"}],"wp:attachment":[{"href":"https:\/\/weingut-hochthurn.com\/online\/wp-json\/wp\/v2\/media?parent=1762"}],"curies":[{"name":"wp","href":"https:\/\/api.w.org\/{rel}","templated":true}]}}