{"id":289,"date":"2019-02-26T04:08:59","date_gmt":"2019-02-26T04:08:59","guid":{"rendered":"http:\/\/demo.exptheme.com\/picard\/?page_id=289"},"modified":"2023-07-28T14:31:07","modified_gmt":"2023-07-28T12:31:07","slug":"about-ver2","status":"publish","type":"page","link":"https:\/\/weingut-hochthurn.com\/online\/","title":{"rendered":"Weingut Hochthurn"},"content":{"rendered":"<section class=\"wpb-content-wrapper\"><p>[vc_row equal_height=&#8220;yes&#8220; content_placement=&#8220;middle&#8220; el_class=&#8220;block-one&#8220; css=&#8220;.vc_custom_1684841844839{background-image: url(https:\/\/weingut-hochthurn.com\/online\/wp-content\/uploads\/2023\/05\/gruenlich_2.png?id=1565) !important;}&#8220;][vc_column width=&#8220;1\/2&#8243; css=&#8220;.vc_custom_1689945807164{background-image: url(https:\/\/weingut-hochthurn.com\/online\/wp-content\/uploads\/2023\/05\/Stefan_Hochthurn_Start-1.jpg?id=1523) !important;background-position: center !important;background-repeat: no-repeat !important;background-size: cover !important;}&#8220; offset=&#8220;vc_hidden-sm vc_hidden-xs&#8220;][vc_empty_space height=&#8220;300px&#8220; el_class=&#8220;author-img&#8220;][\/vc_column][vc_column width=&#8220;1\/2&#8243; el_class=&#8220;about-me&#8220;][vc_empty_space height=&#8220;15px&#8220;][vc_single_image image=&#8220;1530&#8243; img_size=&#8220;full&#8220;][vc_separator color=&#8220;custom&#8220; style=&#8220;dashed&#8220; border_width=&#8220;2&#8243; css_animation=&#8220;none&#8220; accent_color=&#8220;#b7af22&#8243;][vc_empty_space height=&#8220;50px&#8220;][vc_custom_heading text=&#8220;Sch\u00f6n, dass Ihr da seid!&#8220; font_container=&#8220;tag:h2|text_align:left|color:%23bbb219&#8243; use_theme_fonts=&#8220;yes&#8220; css_animation=&#8220;none&#8220;][vc_column_text]Mein Name ist Stefan Hochthurn und ich bin stolz darauf, das Weingut Werner Hochthurn in mittlerweile f\u00fcnfter Generation zu f\u00fchren. Unsere Familientradition reicht bis ins Jahr 1407 zur\u00fcck und ist untrennbar mit dem Weinbau in Rheinhessen verbunden. Ich bin von ganzem Herzen Winzer und lege gro\u00dfen Wert darauf authentische Weine mit au\u00dfergew\u00f6hnlichem Charakter herzustellen.<\/p>\n<p>Mein Ziel ist es, Weine zu produzieren, die nicht nur gut schmecken, sondern auch die Seele ber\u00fchren. Auf unseren schweren Ton-Merkel-B\u00f6den gedeihen kr\u00e4ftige und fruchtige Weine, die sich durch ihre einzigartige Aromenvielfalt auszeichnen. Ich setze auf eine schonende Verarbeitung und eine l\u00e4ngere Lagerung auf der Hefe bei meinen Wei\u00dfweinen, um das volle Aroma zu entfalten. Meine Rotweine werden \u00fcberwiegend im traditionellen Holzfass ausgebaut, um eine sanfte und harmonische Note zu erzielen.<\/p>\n<p>Meine Philosophie lautet: &#8222;lieber weniger, daf\u00fcr feiner&#8220;.<br \/>\nGerne lade ich Sie ein, unsere Weine zu probieren und unser Weingut kennenzulernen. Ich freue mich Ihnen meine Leidenschaft f\u00fcr ungew\u00f6hnliche Weine n\u00e4herzubringen!&#8220;[\/vc_column_text][vc_empty_space height=&#8220;50px&#8220;][\/vc_column][\/vc_row]<\/p>\n<\/section>","protected":false},"excerpt":{"rendered":"<p>[vc_row equal_height=&#8220;yes&#8220; content_placement=&#8220;middle&#8220; el_class=&#8220;block-one&#8220; css=&#8220;.vc_custom_1684841844839{background-image: url(https:\/\/weingut-hochthurn.com\/online\/wp-content\/uploads\/2023\/05\/gruenlich_2.png?id=1565) !important;}&#8220;][vc_column width=&#8220;1\/2&#8243; css=&#8220;.vc_custom_1689945807164{background-image: url(https:\/\/weingut-hochthurn.com\/online\/wp-content\/uploads\/2023\/05\/Stefan_Hochthurn_Start-1.jpg?id=1523) !important;background-position: center !important;background-repeat: no-repeat !important;background-size: cover !important;}&#8220; offset=&#8220;vc_hidden-sm vc_hidden-xs&#8220;][vc_empty_space height=&#8220;300px&#8220; el_class=&#8220;author-img&#8220;][\/vc_column][vc_column width=&#8220;1\/2&#8243; el_class=&#8220;about-me&#8220;][vc_empty_space height=&#8220;15px&#8220;][vc_single_image image=&#8220;1530&#8243; img_size=&#8220;full&#8220;][vc_separator color=&#8220;custom&#8220; style=&#8220;dashed&#8220; border_width=&#8220;2&#8243; css_animation=&#8220;none&#8220; accent_color=&#8220;#b7af22&#8243;][vc_empty_space height=&#8220;50px&#8220;][vc_custom_heading text=&#8220;Sch\u00f6n, dass Ihr da seid!&#8220; font_container=&#8220;tag:h2|text_align:left|color:%23bbb219&#8243; use_theme_fonts=&#8220;yes&#8220; css_animation=&#8220;none&#8220;][vc_column_text]Mein Name ist Stefan Hochthurn und ich bin stolz darauf, das<\/p>\n","protected":false},"author":1,"featured_media":0,"parent":0,"menu_order":0,"comment_status":"closed","ping_status":"closed","template":"","meta":{"footnotes":""},"class_list":["post-289","page","type-page","status-publish","hentry"],"_links":{"self":[{"href":"https:\/\/weingut-hochthurn.com\/online\/wp-json\/wp\/v2\/pages\/289","targetHints":{"allow":["GET"]}}],"collection":[{"href":"https:\/\/weingut-hochthurn.com\/online\/wp-json\/wp\/v2\/pages"}],"about":[{"href":"https:\/\/weingut-hochthurn.com\/online\/wp-json\/wp\/v2\/types\/page"}],"author":[{"embeddable":true,"href":"https:\/\/weingut-hochthurn.com\/online\/wp-json\/wp\/v2\/users\/1"}],"replies":[{"embeddable":true,"href":"https:\/\/weingut-hochthurn.com\/online\/wp-json\/wp\/v2\/comments?post=289"}],"version-history":[{"count":39,"href":"https:\/\/weingut-hochthurn.com\/online\/wp-json\/wp\/v2\/pages\/289\/revisions"}],"predecessor-version":[{"id":1823,"href":"https:\/\/weingut-hochthurn.com\/online\/wp-json\/wp\/v2\/pages\/289\/revisions\/1823"}],"wp:attachment":[{"href":"https:\/\/weingut-hochthurn.com\/online\/wp-json\/wp\/v2\/media?parent=289"}],"curies":[{"name":"wp","href":"https:\/\/api.w.org\/{rel}","templated":true}]}}