{"id":2413,"date":"2024-02-27T13:53:27","date_gmt":"2024-02-27T12:53:27","guid":{"rendered":"https:\/\/weingut-hochthurn.com\/online\/?post_type=product&#038;p=2413"},"modified":"2025-06-12T08:46:34","modified_gmt":"2025-06-12T06:46:34","slug":"2023-orange-im-barriquefass-gereift","status":"publish","type":"product","link":"https:\/\/weingut-hochthurn.com\/online\/produkt\/2023-orange-im-barriquefass-gereift\/","title":{"rendered":"2023 orange im Barriquefass gereift"},"content":{"rendered":"","protected":false},"excerpt":{"rendered":"<p><strong>2023er orange barrique<\/strong><\/p>\n<p><strong>Pr\u00e4dikatswein Sp\u00e4tlese trocken<\/strong><\/p>\n<p>intensive Aromatik von getrockneten Fr\u00fcchten, Gew\u00fcrzen und Kr\u00e4utern<\/p>\n<p>weiche Tanninstruktur<\/p>\n<p>Alkoholgehalt: 13,1 %vol<\/p>\n<p>Restzucker: 1,3 g\/l<\/p>\n<p>S\u00e4ure: 5,5 g\/l<\/p>\n<p>Enth\u00e4lt Sulfite<br \/>\nFlaschengr\u00f6\u00dfe: 0,75l<\/p>\n<p>Preis pro Liter 14,00 \u20ac<\/p>\n<p>inkl. 19 % MwSt.<br \/>\nzzgl. <a href=\"https:\/\/weingut-hochthurn.com\/online\/versandkosten\/\">Versandkosten<\/a><\/p>\n","protected":false},"featured_media":1493,"template":"","meta":[],"product_brand":[],"product_cat":[96,93],"product_tag":[],"class_list":{"0":"post-2413","1":"product","2":"type-product","3":"status-publish","4":"has-post-thumbnail","6":"product_cat-lieblingsstuecke","7":"product_cat-trocken","9":"first","10":"instock","11":"shipping-taxable","12":"purchasable","13":"product-type-simple"},"_links":{"self":[{"href":"https:\/\/weingut-hochthurn.com\/online\/wp-json\/wp\/v2\/product\/2413","targetHints":{"allow":["GET"]}}],"collection":[{"href":"https:\/\/weingut-hochthurn.com\/online\/wp-json\/wp\/v2\/product"}],"about":[{"href":"https:\/\/weingut-hochthurn.com\/online\/wp-json\/wp\/v2\/types\/product"}],"wp:featuredmedia":[{"embeddable":true,"href":"https:\/\/weingut-hochthurn.com\/online\/wp-json\/wp\/v2\/media\/1493"}],"wp:attachment":[{"href":"https:\/\/weingut-hochthurn.com\/online\/wp-json\/wp\/v2\/media?parent=2413"}],"wp:term":[{"taxonomy":"product_brand","embeddable":true,"href":"https:\/\/weingut-hochthurn.com\/online\/wp-json\/wp\/v2\/product_brand?post=2413"},{"taxonomy":"product_cat","embeddable":true,"href":"https:\/\/weingut-hochthurn.com\/online\/wp-json\/wp\/v2\/product_cat?post=2413"},{"taxonomy":"product_tag","embeddable":true,"href":"https:\/\/weingut-hochthurn.com\/online\/wp-json\/wp\/v2\/product_tag?post=2413"}],"curies":[{"name":"wp","href":"https:\/\/api.w.org\/{rel}","templated":true}]}}