{"id":2832,"date":"2026-03-12T08:48:13","date_gmt":"2026-03-12T07:48:13","guid":{"rendered":"https:\/\/weingut-hochthurn.com\/online\/?post_type=product&#038;p=2832"},"modified":"2026-03-12T10:03:59","modified_gmt":"2026-03-12T09:03:59","slug":"2025-sauvignon-blanc","status":"publish","type":"product","link":"https:\/\/weingut-hochthurn.com\/online\/produkt\/2025-sauvignon-blanc\/","title":{"rendered":"2025 Sauvignon Blanc"},"content":{"rendered":"","protected":false},"excerpt":{"rendered":"<div class=\"page\" title=\"Page 1\">\n<div class=\"layoutArea\">\n<div class=\"column\">\n<p><strong>Dromersheimer Honigberg. Pr\u00e4dikatswein Auslese. Gr\u00fcne Noten gepaart mit gelben Aromen. Gehaltvoll &#8211; ein Wein zum Genie\u00dfen.<\/strong><\/p>\n<\/div>\n<\/div>\n<\/div>\n<p>Alkoholgehalt: 15,0 %vol<\/p>\n<p>Restzucker: 3,5 g\/l<\/p>\n<p>S\u00e4ure: 6,4 g\/l<\/p>\n<p>Enth\u00e4lt Sulfite<\/p>\n<p>Preis pro Liter 9,33 \u20ac<\/p>\n<p>inkl. 19 % MwSt.<br \/>\nzzgl. <a href=\"https:\/\/weingut-hochthurn.com\/online\/versandkosten\/\">Versandkosten<\/a><\/p>\n","protected":false},"featured_media":0,"template":"","meta":[],"product_brand":[],"product_cat":[93,92],"product_tag":[],"class_list":{"0":"post-2832","1":"product","2":"type-product","3":"status-publish","5":"product_cat-trocken","6":"product_cat-weissweine","8":"first","9":"instock","10":"shipping-taxable","11":"purchasable","12":"product-type-simple"},"_links":{"self":[{"href":"https:\/\/weingut-hochthurn.com\/online\/wp-json\/wp\/v2\/product\/2832","targetHints":{"allow":["GET"]}}],"collection":[{"href":"https:\/\/weingut-hochthurn.com\/online\/wp-json\/wp\/v2\/product"}],"about":[{"href":"https:\/\/weingut-hochthurn.com\/online\/wp-json\/wp\/v2\/types\/product"}],"wp:attachment":[{"href":"https:\/\/weingut-hochthurn.com\/online\/wp-json\/wp\/v2\/media?parent=2832"}],"wp:term":[{"taxonomy":"product_brand","embeddable":true,"href":"https:\/\/weingut-hochthurn.com\/online\/wp-json\/wp\/v2\/product_brand?post=2832"},{"taxonomy":"product_cat","embeddable":true,"href":"https:\/\/weingut-hochthurn.com\/online\/wp-json\/wp\/v2\/product_cat?post=2832"},{"taxonomy":"product_tag","embeddable":true,"href":"https:\/\/weingut-hochthurn.com\/online\/wp-json\/wp\/v2\/product_tag?post=2832"}],"curies":[{"name":"wp","href":"https:\/\/api.w.org\/{rel}","templated":true}]}}